{"id":10901,"date":"2025-10-27T13:27:22","date_gmt":"2025-10-27T13:27:22","guid":{"rendered":"https:\/\/zeleros.com\/?page_id=10901"},"modified":"2025-10-27T13:35:07","modified_gmt":"2025-10-27T13:35:07","slug":"politica-de-seguridad-de-la-informacion","status":"publish","type":"page","link":"https:\/\/zeleros.com\/es\/politica-de-seguridad-de-la-informacion\/","title":{"rendered":"Pol\u00edtica de Seguridad de la Informaci\u00f3n"},"content":{"rendered":"\t\t<div data-elementor-type=\"wp-page\" data-elementor-id=\"10901\" class=\"elementor elementor-10901\" data-elementor-post-type=\"page\">\n\t\t\t\t<section class=\"elementor-element elementor-element-b6449c1 e-flex e-con-boxed e-con e-parent\" data-id=\"b6449c1\" data-element_type=\"container\" data-e-type=\"container\">\n\t\t\t\t\t<div class=\"e-con-inner\">\n\t\t<div class=\"elementor-element elementor-element-5944ac7 e-con-full e-flex e-con e-child\" data-id=\"5944ac7\" data-element_type=\"container\" data-e-type=\"container\">\n\t\t<div class=\"elementor-element elementor-element-56e0b44 e-con-full sec_title_wrap e-flex e-con e-child\" data-id=\"56e0b44\" data-element_type=\"container\" data-e-type=\"container\">\n\t\t\t\t<div class=\"elementor-element elementor-element-e6e5be6 elementor-widget elementor-widget-heading\" data-id=\"e6e5be6\" data-element_type=\"widget\" data-e-type=\"widget\" data-widget_type=\"heading.default\">\n\t\t\t\t<div class=\"elementor-widget-container\">\n\t\t\t\t\t<h2 class=\"elementor-heading-title elementor-size-default\">zeleros<\/h2>\t\t\t\t<\/div>\n\t\t\t\t<\/div>\n\t\t\t\t<div class=\"elementor-element elementor-element-ca42596 e-transform elementor-widget elementor-widget-heading\" data-id=\"ca42596\" data-element_type=\"widget\" data-e-type=\"widget\" data-settings=\"{&quot;_transform_scale_effect&quot;:{&quot;unit&quot;:&quot;px&quot;,&quot;size&quot;:&quot;&quot;,&quot;sizes&quot;:[]},&quot;_transform_scale_effect_tablet&quot;:{&quot;unit&quot;:&quot;px&quot;,&quot;size&quot;:&quot;&quot;,&quot;sizes&quot;:[]},&quot;_transform_scale_effect_mobile&quot;:{&quot;unit&quot;:&quot;px&quot;,&quot;size&quot;:&quot;&quot;,&quot;sizes&quot;:[]}}\" data-widget_type=\"heading.default\">\n\t\t\t\t<div class=\"elementor-widget-container\">\n\t\t\t\t\t<h3 class=\"elementor-heading-title elementor-size-default\">Pol\u00edtica de Seguridad de la Informaci\u00f3n<\/h3>\t\t\t\t<\/div>\n\t\t\t\t<\/div>\n\t\t\t\t<\/div>\n\t\t\t\t<\/div>\n\t\t\t\t\t<\/div>\n\t\t\t\t<\/section>\n\t\t<div class=\"elementor-element elementor-element-82846e9 e-con-full e-flex e-con e-parent\" data-id=\"82846e9\" data-element_type=\"container\" data-e-type=\"container\">\n\t\t\t\t<div class=\"elementor-element elementor-element-9ce8bc0 elementor-widget elementor-widget-text-editor\" data-id=\"9ce8bc0\" data-element_type=\"widget\" data-e-type=\"widget\" data-widget_type=\"text-editor.default\">\n\t\t\t\t<div class=\"elementor-widget-container\">\n\t\t\t\t\t\t\t\t\t<div>ZELEROS es una organizaci\u00f3n enfocada en ofrecer soluciones tecnol\u00f3gicas que favorecen el avance de una movilidad el\u00e9ctrica y automatizada. Para ello, pone a disposici\u00f3n de sus clientes el desarrollo de bater\u00edas personalizadas, dise\u00f1adas especialmente para veh\u00edculos que no se ajustan a los est\u00e1ndares convencionales, cubriendo as\u00ed necesidades espec\u00edficas y contribuyendo a una movilidad m\u00e1s eficiente y sostenible.<br><br><\/div>\n<div>El compromiso de ZELEROS no se limita \u00fanicamente a la innovaci\u00f3n y el desarrollo tecnol\u00f3gico. <b>La organizaci\u00f3n tambi\u00e9n trabaja activamente para garantizar que todos sus activos, as\u00ed como los de sus clientes, est\u00e9n debidamente protegidos<\/b>. Para alcanzar este objetivo, ZELEROS implementa un conjunto de medidas, controles, procedimientos y acciones orientados a salvaguardar todos los activos de la Organizaci\u00f3n. Esta protecci\u00f3n abarca tanto la informaci\u00f3n y los procesos que la sustentan como los sistemas y redes que los soportan. Para lograrlo, se establecen pol\u00edticas, pr\u00e1cticas, procedimientos, estructuras organizativas y funciones de software que aseguran la protecci\u00f3n, integridad y disponibilidad de los recursos y datos estrat\u00e9gicos.<\/div>\n<div><br><\/div>\n<div>La <b>Pol\u00edtica de Seguridad de la Informaci\u00f3n <\/b>se fundamenta en los siguientes aspectos y para ello la Direcci\u00f3n ha adquirido el compromiso de:<\/div>\n<div>\u2013 Comprender las necesidades de partes interesadas y satisfacer sus requisitos, intentando en todo momento superar sus expectativas.<\/div>\n<div>\u2013 Cumplir la legislaci\u00f3n, normativa y requisitos requeridos por partes interesadas, incluso m\u00e1s all\u00e1 de los m\u00ednimos legales que sean econ\u00f3mica y tecnol\u00f3gicamente viables.<\/div>\n<div>\u2013 Fomentar las acciones de formaci\u00f3n y sensibilizaci\u00f3n de los trabajadores con objeto de mejorar su actuaci\u00f3n dentro de la organizaci\u00f3n, y asegurar la implicaci\u00f3n en el cumplimiento de los objetivos y metas marcados.<\/div>\n<div>\u2013 Considerar los aspectos de gesti\u00f3n como parte integrante de los procesos de planificaci\u00f3n, estableciendo peri\u00f3dicamente programas, objetivos y metas que garanticen el cumplimiento de los requisitos de la pol\u00edtica y mejorar continuamente la eficacia del sistema de gesti\u00f3n.<\/div>\n<div>\u2013 Proteger los recursos de informaci\u00f3n de la organizaci\u00f3n y la tecnolog\u00eda utilizada para su procesamiento, frente a amenazas, internas o externas, deliberadas o accidentales, con el fin de asegurar el cumplimiento de la confidencialidad, integridad, autenticidad, trazabilidad, disponibilidad, legalidad y confiabilidad de la informaci\u00f3n<\/div>\n<div>\u2013 La mejora continua deber\u00e1 estar presente en todos los procesos.<\/div>\n<div>\u2013 Proteger la informaci\u00f3n de forma adecuada independientemente del modo en el que se presente, almacene o comunique.<\/div>\n<div>\u2013 Establecer m\u00e9todos de notificaci\u00f3n, gesti\u00f3n y registro de incidencias referentes a los Sistemas de Gesti\u00f3n de la Seguridad de la Informaci\u00f3n (SGSI).<\/div>\n<div>\u2013 Definir una estricta pol\u00edtica de copia y almacenamiento de informaci\u00f3n relevante para la Organizaci\u00f3n. Este almacenamiento se realiza bajo la responsabilidad de personal cualificado encargado de preservar y mantener en perfecto estado dichas copias de respaldo, salvaguardando as\u00ed nuestra competitividad y autonom\u00eda.<\/div>\n<div>\u2013 Garantizar una adecuada gesti\u00f3n de accesos a nuestros sistemas mediante la implantaci\u00f3n de un sistema de identificaci\u00f3n y autenticaci\u00f3n. El cual no solo restringe el acceso a terceras personas si no que facilita el trabajo de nuestros empleados en un entorno completamente seguro.<\/div>\n<div>\u2013 Definir normas de actuaci\u00f3n que aseguren un adecuado equilibrio entre las necesidades de los usuarios, las exigencias de seguridad y el respeto a las leyes vigentes.<\/div>\n<div>\u00a0<\/div>\n<div>La Direcci\u00f3n hace extensivo este compromiso a todas las partes interesadas para que cumplan las directrices de esta pol\u00edtica, las cuales ser\u00e1n revisadas peri\u00f3dicamente con el fin de asegurar que sean siempre adecuadas a las actividades de la organizaci\u00f3n.<\/div>\n<div><br><\/div>\n<div><br><\/div>\n<div>Fdo.: la Direcci\u00f3n<\/div>\n<div>\u00a0Octubre 2025<\/div><div><br><\/div><div><br><\/div><div><br><\/div><div><br><\/div>\t\t\t\t\t\t\t\t<\/div>\n\t\t\t\t<\/div>\n\t\t\t\t<\/div>\n\t\t\t\t<\/div>\n\t\t","protected":false},"excerpt":{"rendered":"<p>zeleros Pol\u00edtica de privacidad Esta Pol\u00edtica de Privacidad te informa (tal y como se define a continuaci\u00f3n) de c\u00f3mo Zeleros recopila y utiliza tus datos personales y de c\u00f3mo puedes controlar su uso. De conformidad con lo dispuesto en el Reglamento General de Protecci\u00f3n de Datos (\u00abRGPD\u00ab) y su normativa de desarrollo, informamos a los [&hellip;]<\/p>\n","protected":false},"author":6,"featured_media":9727,"parent":0,"menu_order":0,"comment_status":"closed","ping_status":"closed","template":"elementor_header_footer","meta":{"_acf_changed":false,"_monsterinsights_skip_tracking":false,"_monsterinsights_sitenote_active":false,"_monsterinsights_sitenote_note":"","_monsterinsights_sitenote_category":0,"footnotes":""},"class_list":["post-10901","page","type-page","status-publish","has-post-thumbnail","hentry"],"acf":[],"_links":{"self":[{"href":"https:\/\/zeleros.com\/es\/wp-json\/wp\/v2\/pages\/10901","targetHints":{"allow":["GET"]}}],"collection":[{"href":"https:\/\/zeleros.com\/es\/wp-json\/wp\/v2\/pages"}],"about":[{"href":"https:\/\/zeleros.com\/es\/wp-json\/wp\/v2\/types\/page"}],"author":[{"embeddable":true,"href":"https:\/\/zeleros.com\/es\/wp-json\/wp\/v2\/users\/6"}],"replies":[{"embeddable":true,"href":"https:\/\/zeleros.com\/es\/wp-json\/wp\/v2\/comments?post=10901"}],"version-history":[{"count":8,"href":"https:\/\/zeleros.com\/es\/wp-json\/wp\/v2\/pages\/10901\/revisions"}],"predecessor-version":[{"id":10910,"href":"https:\/\/zeleros.com\/es\/wp-json\/wp\/v2\/pages\/10901\/revisions\/10910"}],"wp:featuredmedia":[{"embeddable":true,"href":"https:\/\/zeleros.com\/es\/wp-json\/wp\/v2\/media\/9727"}],"wp:attachment":[{"href":"https:\/\/zeleros.com\/es\/wp-json\/wp\/v2\/media?parent=10901"}],"curies":[{"name":"wp","href":"https:\/\/api.w.org\/{rel}","templated":true}]}}