{"id":9958,"date":"2024-04-10T05:51:08","date_gmt":"2024-04-10T05:51:08","guid":{"rendered":"https:\/\/zeleros.com\/aviso-legal\/"},"modified":"2025-01-04T21:39:42","modified_gmt":"2025-01-04T21:39:42","slug":"aviso-legal","status":"publish","type":"page","link":"https:\/\/zeleros.com\/es\/aviso-legal\/","title":{"rendered":"Aviso legal"},"content":{"rendered":"\t\t<div data-elementor-type=\"wp-page\" data-elementor-id=\"9958\" class=\"elementor elementor-9958 elementor-6748\" data-elementor-post-type=\"page\">\n\t\t\t\t<section class=\"elementor-element elementor-element-b6449c1 e-flex e-con-boxed e-con e-parent\" data-id=\"b6449c1\" data-element_type=\"container\" data-e-type=\"container\">\n\t\t\t\t\t<div class=\"e-con-inner\">\n\t\t<div class=\"elementor-element elementor-element-5944ac7 e-con-full e-flex e-con e-child\" data-id=\"5944ac7\" data-element_type=\"container\" data-e-type=\"container\">\n\t\t<div class=\"elementor-element elementor-element-56e0b44 e-con-full sec_title_wrap e-flex e-con e-child\" data-id=\"56e0b44\" data-element_type=\"container\" data-e-type=\"container\">\n\t\t\t\t<div class=\"elementor-element elementor-element-e6e5be6 elementor-widget elementor-widget-heading\" data-id=\"e6e5be6\" data-element_type=\"widget\" data-e-type=\"widget\" data-widget_type=\"heading.default\">\n\t\t\t\t<div class=\"elementor-widget-container\">\n\t\t\t\t\t<h2 class=\"elementor-heading-title elementor-size-default\">zeleros<\/h2>\t\t\t\t<\/div>\n\t\t\t\t<\/div>\n\t\t\t\t<div class=\"elementor-element elementor-element-ca42596 elementor-widget elementor-widget-heading\" data-id=\"ca42596\" data-element_type=\"widget\" data-e-type=\"widget\" data-widget_type=\"heading.default\">\n\t\t\t\t<div class=\"elementor-widget-container\">\n\t\t\t\t\t<h3 class=\"elementor-heading-title elementor-size-default\">Aviso legal<\/h3>\t\t\t\t<\/div>\n\t\t\t\t<\/div>\n\t\t\t\t<\/div>\n\t\t\t\t<\/div>\n\t\t\t\t\t<\/div>\n\t\t\t\t<\/section>\n\t\t<div class=\"elementor-element elementor-element-82846e9 e-con-full e-flex e-con e-parent\" data-id=\"82846e9\" data-element_type=\"container\" data-e-type=\"container\">\n\t\t\t\t<div class=\"elementor-element elementor-element-9ce8bc0 elementor-widget elementor-widget-text-editor\" data-id=\"9ce8bc0\" data-element_type=\"widget\" data-e-type=\"widget\" data-widget_type=\"text-editor.default\">\n\t\t\t\t<div class=\"elementor-widget-container\">\n\t\t\t\t\t\t\t\t\t<p>Zeleros ofrece el sitio web www.zeleros.com como un servicio al p\u00fablico. Zeleros no se hace responsable, y rechaza expresamente toda responsabilidad por da\u00f1os de cualquier tipo derivados del uso, referencia o confianza en cualquier informaci\u00f3n contenida en este sitio web. <\/p>\n<p>Aunque la informaci\u00f3n contenida en este sitio web se actualiza peri\u00f3dicamente, no se garantiza que la informaci\u00f3n proporcionada en este sitio web sea correcta, completa y actualizada.<\/p>\n<p>Aunque el sitio web de Zeleros puede incluir enlaces que proporcionan acceso directo a otros recursos de Internet, incluidos sitios web, Zeleros no es responsable de la exactitud o el contenido de la informaci\u00f3n contenida en estos sitios.<\/p>\n<p>Los enlaces de Zeleros a sitios de terceros no constituyen una aprobaci\u00f3n por parte de Zeleros de las partes o de sus productos y servicios. La aparici\u00f3n en este sitio web de anuncios e informaci\u00f3n sobre productos o servicios no constituye una aprobaci\u00f3n por parte de Zeleros, y Zeleros no ha investigado las afirmaciones realizadas por ning\u00fan anunciante. <\/p>\n\t\t\t\t\t\t\t\t<\/div>\n\t\t\t\t<\/div>\n\t\t\t\t<div class=\"elementor-element elementor-element-1dc3eaf elementor-widget elementor-widget-spacer\" data-id=\"1dc3eaf\" data-element_type=\"widget\" data-e-type=\"widget\" data-widget_type=\"spacer.default\">\n\t\t\t\t<div class=\"elementor-widget-container\">\n\t\t\t\t\t\t\t<div class=\"elementor-spacer\">\n\t\t\t<div class=\"elementor-spacer-inner\"><\/div>\n\t\t<\/div>\n\t\t\t\t\t\t<\/div>\n\t\t\t\t<\/div>\n\t\t\t\t<\/div>\n\t\t\t\t<\/div>\n\t\t","protected":false},"excerpt":{"rendered":"<p>zeleros Aviso legal Zeleros ofrece el sitio web www.zeleros.com como un servicio al p\u00fablico. Zeleros no se hace responsable, y rechaza expresamente toda responsabilidad por da\u00f1os de cualquier tipo derivados del uso, referencia o confianza en cualquier informaci\u00f3n contenida en este sitio web. Aunque la informaci\u00f3n contenida en este sitio web se actualiza peri\u00f3dicamente, no [&hellip;]<\/p>\n","protected":false},"author":3,"featured_media":9640,"parent":0,"menu_order":0,"comment_status":"closed","ping_status":"closed","template":"elementor_header_footer","meta":{"_acf_changed":false,"_monsterinsights_skip_tracking":false,"_monsterinsights_sitenote_active":false,"_monsterinsights_sitenote_note":"","_monsterinsights_sitenote_category":0,"footnotes":""},"class_list":["post-9958","page","type-page","status-publish","has-post-thumbnail","hentry"],"acf":[],"_links":{"self":[{"href":"https:\/\/zeleros.com\/es\/wp-json\/wp\/v2\/pages\/9958","targetHints":{"allow":["GET"]}}],"collection":[{"href":"https:\/\/zeleros.com\/es\/wp-json\/wp\/v2\/pages"}],"about":[{"href":"https:\/\/zeleros.com\/es\/wp-json\/wp\/v2\/types\/page"}],"author":[{"embeddable":true,"href":"https:\/\/zeleros.com\/es\/wp-json\/wp\/v2\/users\/3"}],"replies":[{"embeddable":true,"href":"https:\/\/zeleros.com\/es\/wp-json\/wp\/v2\/comments?post=9958"}],"version-history":[{"count":2,"href":"https:\/\/zeleros.com\/es\/wp-json\/wp\/v2\/pages\/9958\/revisions"}],"predecessor-version":[{"id":10004,"href":"https:\/\/zeleros.com\/es\/wp-json\/wp\/v2\/pages\/9958\/revisions\/10004"}],"wp:featuredmedia":[{"embeddable":true,"href":"https:\/\/zeleros.com\/es\/wp-json\/wp\/v2\/media\/9640"}],"wp:attachment":[{"href":"https:\/\/zeleros.com\/es\/wp-json\/wp\/v2\/media?parent=9958"}],"curies":[{"name":"wp","href":"https:\/\/api.w.org\/{rel}","templated":true}]}}