{"id":9960,"date":"2024-04-10T05:54:35","date_gmt":"2024-04-10T05:54:35","guid":{"rendered":"https:\/\/zeleros.com\/politica-de-privacidad\/"},"modified":"2025-01-04T21:42:40","modified_gmt":"2025-01-04T21:42:40","slug":"politica-de-privacidad","status":"publish","type":"page","link":"https:\/\/zeleros.com\/es\/politica-de-privacidad\/","title":{"rendered":"Pol\u00edtica de privacidad"},"content":{"rendered":"\t\t<div data-elementor-type=\"wp-page\" data-elementor-id=\"9960\" class=\"elementor elementor-9960 elementor-6753\" data-elementor-post-type=\"page\">\n\t\t\t\t<section class=\"elementor-element elementor-element-b6449c1 e-flex e-con-boxed e-con e-parent\" data-id=\"b6449c1\" data-element_type=\"container\" data-e-type=\"container\">\n\t\t\t\t\t<div class=\"e-con-inner\">\n\t\t<div class=\"elementor-element elementor-element-5944ac7 e-con-full e-flex e-con e-child\" data-id=\"5944ac7\" data-element_type=\"container\" data-e-type=\"container\">\n\t\t<div class=\"elementor-element elementor-element-56e0b44 e-con-full sec_title_wrap e-flex e-con e-child\" data-id=\"56e0b44\" data-element_type=\"container\" data-e-type=\"container\">\n\t\t\t\t<div class=\"elementor-element elementor-element-e6e5be6 elementor-widget elementor-widget-heading\" data-id=\"e6e5be6\" data-element_type=\"widget\" data-e-type=\"widget\" data-widget_type=\"heading.default\">\n\t\t\t\t<div class=\"elementor-widget-container\">\n\t\t\t\t\t<h2 class=\"elementor-heading-title elementor-size-default\">zeleros<\/h2>\t\t\t\t<\/div>\n\t\t\t\t<\/div>\n\t\t\t\t<div class=\"elementor-element elementor-element-ca42596 elementor-widget elementor-widget-heading\" data-id=\"ca42596\" data-element_type=\"widget\" data-e-type=\"widget\" data-widget_type=\"heading.default\">\n\t\t\t\t<div class=\"elementor-widget-container\">\n\t\t\t\t\t<h3 class=\"elementor-heading-title elementor-size-default\">Pol\u00edtica de privacidad<\/h3>\t\t\t\t<\/div>\n\t\t\t\t<\/div>\n\t\t\t\t<\/div>\n\t\t\t\t<\/div>\n\t\t\t\t\t<\/div>\n\t\t\t\t<\/section>\n\t\t<div class=\"elementor-element elementor-element-82846e9 e-con-full e-flex e-con e-parent\" data-id=\"82846e9\" data-element_type=\"container\" data-e-type=\"container\">\n\t\t\t\t<div class=\"elementor-element elementor-element-9ce8bc0 elementor-widget elementor-widget-text-editor\" data-id=\"9ce8bc0\" data-element_type=\"widget\" data-e-type=\"widget\" data-widget_type=\"text-editor.default\">\n\t\t\t\t<div class=\"elementor-widget-container\">\n\t\t\t\t\t\t\t\t\t<p><strong>Esta Pol\u00edtica de Privacidad te informa (tal y como se define a continuaci\u00f3n) de c\u00f3mo Zeleros recopila y utiliza tus datos personales y de c\u00f3mo puedes controlar su uso.<\/strong><\/p>\n<p>De conformidad con lo dispuesto en el Reglamento General de Protecci\u00f3n de Datos (\u00ab<strong>RGPD<\/strong>\u00ab) y su normativa de desarrollo, informamos a los usuarios de que los datos personales que faciliten a trav\u00e9s de cualquier formulario disponible en nuestro sitio web\u00a0www.zeleros.com\u00a0(\u00ab<strong>Sitio Web<\/strong>\u00ab), o a trav\u00e9s de correo electr\u00f3nico a cualquier direcci\u00f3n facilitada para nuestros profesionales o cualquier otro medio de comunicaci\u00f3n, ser\u00e1n incorporados a un fichero bajo la responsabilidad de Zeleros Global SL (\u00abZeleros\u00bb), con CIF B-98871825, inscrita en el Registro Mercantil de Valencia Tomo 1004, General 321, Secci\u00f3n 4\u00aa, Folio 50, Hoja 6271, con domicilio social en Muelle de la Aduana S\/N. Edificio Lanzadera. 46024 Valencia (Espa\u00f1a). La finalidad del tratamiento de estos datos es la gesti\u00f3n de solicitudes, incluyendo la atenci\u00f3n de consultas y solicitudes de informaci\u00f3n, as\u00ed como, en su caso, el mantenimiento y gesti\u00f3n de la relaci\u00f3n profesional, comercial y\/o contractual establecida con cualquiera de nuestros despachos y profesionales.   <\/p>\n<p>Salvo que se indique lo contrario, todos los datos que solicitamos en los formularios disponibles en el Sitio Web son obligatorios. La negativa a facilitar los datos obligatorios supondr\u00e1 la imposibilidad de gestionar la solicitud concreta de que se trate. Te rogamos que nos comuniques inmediatamente cualquier modificaci\u00f3n de tus datos a fin de que la informaci\u00f3n contenida en nuestros ficheros est\u00e9 en todo momento actualizada y sea correcta. Por tanto, est\u00e1s aceptando que la informaci\u00f3n y los datos que nos facilitas son exactos, est\u00e1n actualizados y son veraces.   <\/p>\n<p>En determinados formularios electr\u00f3nicos se te solicitar\u00e1 tu consentimiento para mantenerte informado sobre los servicios y aspectos relevantes de car\u00e1cter jur\u00eddico y tributario por cualquier medio, incluido el correo electr\u00f3nico u otros medios electr\u00f3nicos equivalentes, de acuerdo con lo dispuesto en el art\u00edculo 21 LSSI ( Ley de Servicios de la Sociedad de Informaci\u00f3n y Comercio Electr\u00f3nico).<\/p>\n<p>En cualquier momento podr\u00e1s ejercer tus derechos de acceso, rectificaci\u00f3n, cancelaci\u00f3n u oposici\u00f3n, respecto de los datos personales que consten en los expresados ficheros, adjuntando fotocopia de tu DNI u otro documento oficial que acredite tu identidad, dirigi\u00e9ndote a:<\/p>\n<p>Zeleros<br>Muelle de la Aduana. Edificio Lanzadera<br>46024 \u2013 Valencia<br>Espa\u00f1a<br>privacy@zeleros.com <\/p>\n<p>Finalmente, trataremos tus datos, en todo momento, de forma estrictamente confidencial y con el preceptivo deber de secreto de conformidad con lo previsto en la normativa de aplicaci\u00f3n, adoptando las medidas de \u00edndole t\u00e9cnica y organizativas necesarias que garanticen la seguridad de tus datos y eviten su alteraci\u00f3n, p\u00e9rdida, tratamiento o acceso no autorizado, habida cuenta del estado de la tecnolog\u00eda, la naturaleza de los datos almacenados y los riesgos a que est\u00e1n expuestos.<\/p>\n<p><strong>\u00c1mbito de aplicaci\u00f3n de esta pol\u00edtica de privacidad<\/strong><\/p>\n<p>Esta Pol\u00edtica de Privacidad establece los principios y directrices que rigen la protecci\u00f3n de tus datos personales (tal y como se definen a continuaci\u00f3n), incluidos tus datos personales recopilados durante el registro del producto y en o a trav\u00e9s de los Sitios y relativos a los usuarios de nuestros productos y servicios y a los visitantes y usuarios de los Sitios (\u00abT\u00fa\u00bb o \u00abTu\u00bb).<\/p>\n<p>Datos Personales (\u00abDatos Personales\u00bb) significa cualquier informaci\u00f3n que pueda dar lugar a la identificaci\u00f3n de un individuo. Datos No Personales significa cualquier informaci\u00f3n que no d\u00e9 lugar a la identificaci\u00f3n de un Individuo. <\/p>\n<p>Zeleros recoge datos personales online y offline (por ejemplo, a trav\u00e9s de una tarjeta de visita entregada voluntariamente a un empleado de Zeleros) y esta Pol\u00edtica de Privacidad es aplicable independientemente del medio de recogida.<\/p>\n<p><strong>Datos recogidos<\/strong><\/p>\n<p>Los datos personales recogidos de quienes visitan un Sitio sin introducir informaci\u00f3n pueden incluir:<\/p>\n<ul>\n<li>Direcci\u00f3n IP<\/li>\n<li>contenido de las cookies (como se describe a continuaci\u00f3n)<\/li>\n<\/ul>\n<p>Los datos personales recogidos de quienes nos facilitan informaci\u00f3n para los fines enumerados a continuaci\u00f3n pueden incluir:<\/p>\n<ul>\n<li>Direcci\u00f3n IP<\/li>\n<li>contenido de las cookies (como se describe a continuaci\u00f3n)<\/li>\n<li>nombre y apellidos<\/li>\n<li>direcci\u00f3n postal<\/li>\n<li>direcci\u00f3n de correo electr\u00f3nico<\/li>\n<li>n\u00famero(s) de tel\u00e9fono<\/li>\n<li>nombre de usuario y contrase\u00f1a<\/li>\n<li>cualquier otro dato que pueda ser relevante para los fines enumerados a continuaci\u00f3n<\/li>\n<\/ul>\n<p>En todos los casos, sin embargo, los datos personales recogidos se limitan a los datos necesarios para los fines descritos a continuaci\u00f3n.<\/p>\n<p>Para utilizar determinadas funciones y caracter\u00edsticas de un Sitio, Zeleros requiere que proporciones ciertos datos personales cuando visites o utilices el Sitio correspondiente. Eres libre de decidir si proporcionas o no todos o parte de tus datos personales. <\/p>\n<p><strong>Protecci\u00f3n de datos personales relativos a menores<\/strong><\/p>\n<p>La informaci\u00f3n de Zeleros no se comercializa a menores de 18 a\u00f1os y Zeleros no recopila ni almacena conscientemente datos personales de menores de 18 a\u00f1os. Adem\u00e1s, Zeleros no recopilar\u00e1 ni almacenar\u00e1 datos personales, ni enviar\u00e1 mensajes de marketing por correo electr\u00f3nico a menores de 18 a\u00f1os a menos que lo permitan las leyes locales de protecci\u00f3n de datos. <\/p>\n<p>Si los padres o tutores tienen conocimiento de que su hijo ha proporcionado datos personales a Zeleros sin su consentimiento o sin el consentimiento de un profesor o administrador escolar, pueden solicitar a Zeleros que elimine dichos datos personales y cancele la cuenta del ni\u00f1o enviando un correo electr\u00f3nico a privacy@zeleros.com.<\/p>\n<p>Si Zeleros tiene conocimiento de que ha recopilado datos personales de un ni\u00f1o menor de la edad de consentimiento seg\u00fan las leyes locales de protecci\u00f3n de datos sin el consentimiento de un padre o tutor, Zeleros tomar\u00e1 medidas para solicitar el consentimiento del padre o tutor para dicho procesamiento o para eliminar dichos datos personales y cancelar la cuenta del ni\u00f1o.<\/p>\n<p><strong>Fines del tratamiento de datos personales<\/strong><\/p>\n<p>Zeleros recopila y utiliza tus datos personales con el fin de llevar a cabo su actividad bas\u00e1ndose en los siguientes fundamentos jur\u00eddicos y para los siguientes fines:<\/p>\n<ul>\n<li>Actividades de procesamiento de datos personales recogidos de quienes visitan un Sitio sin introducir informaci\u00f3n, y que se basan en Tu consentimiento previo si as\u00ed lo exige la ley (por ejemplo, si eres residente de la Uni\u00f3n Europea, Islandia, Liechtenstein o Noruega):  <ul>\n<li>Para mejorar tu experiencia de usuario; y<\/li>\n<li>Reconocer que es posible que nos hayas facilitado informaci\u00f3n y no necesites volver a hacerlo.<\/li>\n<\/ul>\n<\/li>\n<li>Actividades de procesamiento de datos personales recogidos de quienes nos proporcionan informaci\u00f3n para los fines enumerados anteriormente, y que se basan en tu consentimiento previo si as\u00ed lo exige la ley (por ejemplo, eres residente de la Uni\u00f3n Europea, Islandia, Liechtenstein o Noruega):  <ul>\n<li>Para que puedas solicitar y recibir informaci\u00f3n relacionada con Zeleros;<\/li>\n<li>Para proporcionarte un uso interactivo personalizado del Sitio;<\/li>\n<li>Para permitirte participar en actividades de marketing, encuestas y listas de correo.<\/li>\n<\/ul>\n<\/li>\n<\/ul>\n<p><strong>Per\u00edodo de conservaci\u00f3n de los datos personales<\/strong><\/p>\n<p>Zeleros no almacena tus datos personales m\u00e1s tiempo del necesario. Los periodos de conservaci\u00f3n pueden variar en funci\u00f3n de las categor\u00edas de datos y las actividades de tratamiento.<\/p>\n<p>Sin embargo, cuando la legislaci\u00f3n aplicable obligue a Zeleros a conservar tus datos personales durante m\u00e1s tiempo o cuando tus datos personales sean necesarios para hacer valer o defenderse de reclamaciones legales, Zeleros conservar\u00e1 nuestros Datos Personales hasta el final del per\u00edodo de conservaci\u00f3n correspondiente o hasta que se hayan resuelto las reclamaciones en cuesti\u00f3n.<\/p>\n<p><strong>Transferencia de datos personales y destinatarios<\/strong><\/p>\n<p>Zeleros tambi\u00e9n revelar\u00e1 datos personales a terceros si Zeleros determina que dicha revelaci\u00f3n es necesaria por razones t\u00e9cnicas (como servicios de alojamiento por parte de terceros). Zeleros tambi\u00e9n puede revelar dicha informaci\u00f3n personal si as\u00ed lo exige la ley o si Zeleros cree de buena fe que dicha revelaci\u00f3n es razonablemente necesaria para cumplir con un proceso legal (por ejemplo, una orden judicial, una citaci\u00f3n u otra orden judicial) o proteger los derechos, la propiedad o la seguridad personal de Zeleros, nuestros clientes o el p\u00fablico.<\/p>\n<p>Si est\u00e1 permitido, Zeleros tambi\u00e9n puede compartir tus datos personales con terceros con el fin de ofrecerte marketing o publicidad espec\u00edficos, como la tramitaci\u00f3n de solicitudes de empleo, por ejemplo:<\/p>\n<p>Google LLC<br>Oficina de Protecci\u00f3n de Datos de Google<br>1600 Amphitheatre Pkwy<br>Mountain View, California 94043<br>data-protection-office@google.com<br>Tel\u00e9fono: 650-253-0000<br>Fax: 650-618-1806<br>Privacy Shield<a href=\"https:\/\/www.privacyshield.gov\/participant?id=a2zt000000001L5AAI\" target=\"_blank\" rel=\"noopener\">(https:\/\/www.privacyshield.gov\/participant?id=a2zt000000001L5AAI)<\/a><\/p>\n<p>y, con el fin de proporcionar el bolet\u00edn \/ lista de correo a nuestros usuarios:<\/p>\n<p>The Rocket Science Group LLC<br>Georgia<br>675 Ponce De Leon Ave NE, Suite 5000<br>Atlanta, Georgia 30308<br><a href=\"mailto:legal@mailchimp.com\">legal@mailchimp.com<\/a><br>Tel\u00e9fono:\u00a0<a href=\"tel:(404)%20806-5843\">(404) 806-5843<\/a><br>Privacy Shield<a href=\"https:\/\/www.privacyshield.gov\/participant?id=a2zt0000000TO6hAAG&status=Active\" target=\"_blank\" rel=\"noopener\">(https:\/\/www.privacyshield.gov\/participant?id=a2zt0000000TO6hAAG&status=Active)<\/a><\/p>\n<p>Estas transferencias pueden transmitirse a trav\u00e9s de Internet, por correo, por fax o por cualquier otro m\u00e9todo que Zeleros determine apropiado y conforme a la legislaci\u00f3n aplicable.<\/p>\n<p><strong>Derechos de acceso y rectificaci\u00f3n de los datos<\/strong><\/p>\n<p>Zeleros tomar\u00e1 las medidas razonables para garantizar que los datos personales recogidos se utilicen para los fines indicados en esta Pol\u00edtica de Privacidad y que dichos datos personales sean correctos y est\u00e9n actualizados.<\/p>\n<p>Tienes derecho a acceder a tus datos personales. Adem\u00e1s, tienes derecho a solicitar la rectificaci\u00f3n, cumplimentaci\u00f3n, actualizaci\u00f3n y supresi\u00f3n de tus datos personales. Tambi\u00e9n tienes derecho a obtener una copia de los datos personales almacenados por Zeleros.<\/p>\n<p>Puedes ejercer tus derechos de acceso y rectificaci\u00f3n de los datos enviando un correo electr\u00f3nico a\u00a0<a href=\"mailto:privacy@zeleros.com\">privacy@zeleros.com<\/a><\/p>\n<p><strong>Seguridad de los datos<\/strong><\/p>\n<p>Zeleros se compromete a garantizar la protecci\u00f3n y seguridad de los datos personales que decidas comunicar, con el fin de garantizar la confidencialidad de tus datos personales y evitar que tus datos personales sean distorsionados, da\u00f1ados, destruidos o divulgados a partes no autorizadas.<\/p>\n<p>Zeleros mantiene salvaguardias f\u00edsicas, electr\u00f3nicas y de procedimiento razonables para proteger los datos personales de la p\u00e9rdida, el uso indebido y el acceso, la divulgaci\u00f3n, la modificaci\u00f3n y la destrucci\u00f3n no autorizados.\u00a0  Como parte de esas salvaguardias, Zeleros emplea tecnolog\u00eda sofisticada dise\u00f1ada para proteger los datos personales durante su transmisi\u00f3n y evitar errores de transmisi\u00f3n o actos no autorizados de terceros.\u00a0  Sin embargo, aunque Zeleros se esfuerza por proteger tus datos personales, a la luz de los riesgos inevitables de la transmisi\u00f3n de datos a trav\u00e9s de Internet, Zeleros no puede garantizar una protecci\u00f3n total contra cualquier error que se produzca en el curso de la transmisi\u00f3n de datos personales y que escape al control razonable de Zeleros.<\/p>\n<p>Dado que los datos personales pueden ser confidenciales, el acceso est\u00e1 limitado a los empleados, contratistas, revendedores y proveedores de Zeleros que tengan necesidad de conocer dichos datos para llevar a cabo sus tareas. Todas las personas que tienen acceso a tus datos personales est\u00e1n sujetas a un deber de confidencialidad y a acciones disciplinarias y\/u otras sanciones si incumplen estas obligaciones.<\/p>\n<p><strong>Enlaces a sitios no controlados por Zeleros<\/strong><\/p>\n<p>Este sitio puede ofrecer enlaces a sitios web de terceros que pueden ser de tu inter\u00e9s.<\/p>\n<p>Zeleros no ejerce ning\u00fan control sobre el contenido de los sitios web de terceros ni sobre las pr\u00e1cticas de estos terceros en relaci\u00f3n con la protecci\u00f3n de los datos personales que puedan recopilar y que, por tanto, no est\u00e1n bajo el control de Zeleros. En consecuencia, Zeleros no se hace responsable del contenido de los sitios web de terceros ni de las pr\u00e1cticas de estos terceros en materia de protecci\u00f3n de datos personales.<\/p>\n<p>Por lo tanto, es tu responsabilidad informarte sobre las pol\u00edticas de privacidad de estos terceros.<\/p>\n<p><strong>Resoluci\u00f3n de conflictos<\/strong><\/p>\n<p>Aunque Zeleros ha puesto en marcha salvaguardas razonables para proteger los datos personales, reconocemos que no existe ning\u00fan m\u00e9todo de transmisi\u00f3n o almacenamiento de datos personales que sea completamente seguro.<\/p>\n<p>No obstante, Zeleros \u00a0se compromete a garantizar la privacidad de los datos personales. Si tienes motivos para creer que la seguridad de tus datos personales se ha visto comprometida o se ha hecho un uso indebido de ellos, debes ponerte en contacto con Zeleros enviando un correo electr\u00f3nico a privacy@zeleros.com.<\/p>\n<p>Zeleros investigar\u00e1 e intentar\u00e1 resolver las reclamaciones relativas al uso y divulgaci\u00f3n de datos personales de acuerdo con los principios contenidos en esta Pol\u00edtica de Privacidad.<\/p>\n<p>El acceso no autorizado a datos personales o el uso indebido de datos personales pueden constituir delitos seg\u00fan la legislaci\u00f3n local.<\/p>\n<p>Si tu lugar de residencia habitual est\u00e1 en la Uni\u00f3n Europea, Liechtenstein, Noruega o Islandia, tienes derecho a presentar una reclamaci\u00f3n ante la autoridad de protecci\u00f3n de datos competente.<\/p>\n<p><strong>Contacto<\/strong><\/p>\n<p>Para cualquier pregunta adicional relativa a esta Pol\u00edtica de Privacidad, para optar por no recibir informaci\u00f3n de Zeleros o cualquier solicitud relativa a tus derechos sobre tus datos personales, puedes enviar un correo electr\u00f3nico a la siguiente direcci\u00f3n de correo electr\u00f3nico: privacy@zeleros.com<\/p>\n<p><em>\u00daltima modificaci\u00f3n: Esta Pol\u00edtica de Privacidad fue modificada por \u00faltima vez el 11 de diciembre de 2024.<\/em><\/p>\t\t\t\t\t\t\t\t<\/div>\n\t\t\t\t<\/div>\n\t\t\t\t<div class=\"elementor-element elementor-element-1c81e81 elementor-widget elementor-widget-spacer\" data-id=\"1c81e81\" data-element_type=\"widget\" data-e-type=\"widget\" data-widget_type=\"spacer.default\">\n\t\t\t\t<div class=\"elementor-widget-container\">\n\t\t\t\t\t\t\t<div class=\"elementor-spacer\">\n\t\t\t<div class=\"elementor-spacer-inner\"><\/div>\n\t\t<\/div>\n\t\t\t\t\t\t<\/div>\n\t\t\t\t<\/div>\n\t\t\t\t<\/div>\n\t\t\t\t<\/div>\n\t\t","protected":false},"excerpt":{"rendered":"<p>zeleros Pol\u00edtica de privacidad Esta Pol\u00edtica de Privacidad te informa (tal y como se define a continuaci\u00f3n) de c\u00f3mo Zeleros recopila y utiliza tus datos personales y de c\u00f3mo puedes controlar su uso. De conformidad con lo dispuesto en el Reglamento General de Protecci\u00f3n de Datos (\u00abRGPD\u00ab) y su normativa de desarrollo, informamos a los [&hellip;]<\/p>\n","protected":false},"author":3,"featured_media":0,"parent":0,"menu_order":0,"comment_status":"closed","ping_status":"closed","template":"elementor_header_footer","meta":{"_acf_changed":false,"_monsterinsights_skip_tracking":false,"_monsterinsights_sitenote_active":false,"_monsterinsights_sitenote_note":"","_monsterinsights_sitenote_category":0,"footnotes":""},"class_list":["post-9960","page","type-page","status-publish","hentry"],"acf":[],"_links":{"self":[{"href":"https:\/\/zeleros.com\/es\/wp-json\/wp\/v2\/pages\/9960","targetHints":{"allow":["GET"]}}],"collection":[{"href":"https:\/\/zeleros.com\/es\/wp-json\/wp\/v2\/pages"}],"about":[{"href":"https:\/\/zeleros.com\/es\/wp-json\/wp\/v2\/types\/page"}],"author":[{"embeddable":true,"href":"https:\/\/zeleros.com\/es\/wp-json\/wp\/v2\/users\/3"}],"replies":[{"embeddable":true,"href":"https:\/\/zeleros.com\/es\/wp-json\/wp\/v2\/comments?post=9960"}],"version-history":[{"count":2,"href":"https:\/\/zeleros.com\/es\/wp-json\/wp\/v2\/pages\/9960\/revisions"}],"predecessor-version":[{"id":10012,"href":"https:\/\/zeleros.com\/es\/wp-json\/wp\/v2\/pages\/9960\/revisions\/10012"}],"wp:attachment":[{"href":"https:\/\/zeleros.com\/es\/wp-json\/wp\/v2\/media?parent=9960"}],"curies":[{"name":"wp","href":"https:\/\/api.w.org\/{rel}","templated":true}]}}