{"id":9962,"date":"2024-04-10T05:55:28","date_gmt":"2024-04-10T05:55:28","guid":{"rendered":"https:\/\/zeleros.com\/uso-de-cookies\/"},"modified":"2025-01-04T21:44:19","modified_gmt":"2025-01-04T21:44:19","slug":"uso-de-cookies","status":"publish","type":"page","link":"https:\/\/zeleros.com\/es\/uso-de-cookies\/","title":{"rendered":"Uso de cookies"},"content":{"rendered":"\t\t<div data-elementor-type=\"wp-page\" data-elementor-id=\"9962\" class=\"elementor elementor-9962 elementor-6758\" data-elementor-post-type=\"page\">\n\t\t\t\t<section class=\"elementor-element elementor-element-b6449c1 e-flex e-con-boxed e-con e-parent\" data-id=\"b6449c1\" data-element_type=\"container\" data-e-type=\"container\">\n\t\t\t\t\t<div class=\"e-con-inner\">\n\t\t<div class=\"elementor-element elementor-element-5944ac7 e-con-full e-flex e-con e-child\" data-id=\"5944ac7\" data-element_type=\"container\" data-e-type=\"container\">\n\t\t<div class=\"elementor-element elementor-element-56e0b44 e-con-full sec_title_wrap e-flex e-con e-child\" data-id=\"56e0b44\" data-element_type=\"container\" data-e-type=\"container\">\n\t\t\t\t<div class=\"elementor-element elementor-element-e6e5be6 elementor-widget elementor-widget-heading\" data-id=\"e6e5be6\" data-element_type=\"widget\" data-e-type=\"widget\" data-widget_type=\"heading.default\">\n\t\t\t\t<div class=\"elementor-widget-container\">\n\t\t\t\t\t<h2 class=\"elementor-heading-title elementor-size-default\">zeleros<\/h2>\t\t\t\t<\/div>\n\t\t\t\t<\/div>\n\t\t\t\t<div class=\"elementor-element elementor-element-ca42596 elementor-widget elementor-widget-heading\" data-id=\"ca42596\" data-element_type=\"widget\" data-e-type=\"widget\" data-widget_type=\"heading.default\">\n\t\t\t\t<div class=\"elementor-widget-container\">\n\t\t\t\t\t<h3 class=\"elementor-heading-title elementor-size-default\">Uso de cookies<\/h3>\t\t\t\t<\/div>\n\t\t\t\t<\/div>\n\t\t\t\t<\/div>\n\t\t\t\t<\/div>\n\t\t\t\t\t<\/div>\n\t\t\t\t<\/section>\n\t\t<div class=\"elementor-element elementor-element-82846e9 e-con-full e-flex e-con e-parent\" data-id=\"82846e9\" data-element_type=\"container\" data-e-type=\"container\">\n\t\t\t\t<div class=\"elementor-element elementor-element-9ce8bc0 elementor-widget elementor-widget-text-editor\" data-id=\"9ce8bc0\" data-element_type=\"widget\" data-e-type=\"widget\" data-widget_type=\"text-editor.default\">\n\t\t\t\t<div class=\"elementor-widget-container\">\n\t\t\t\t\t\t\t\t\t<p>Zeleros puede utilizar cookies, balizas web, p\u00edxeles de seguimiento y otras tecnolog\u00edas de seguimiento cuando visitas nuestro sitio web zeleros.com, incluido cualquier otro medio de comunicaci\u00f3n, canal de medios, sitio web m\u00f3vil o aplicaci\u00f3n m\u00f3vil relacionada o conectada al mismo (colectivamente, el \u00abSitio\u00bb) para ayudar a personalizar el Sitio y mejorar tu experiencia.<\/p>\n<p>Nos reservamos el derecho a realizar cambios en esta Pol\u00edtica de Cookies en cualquier momento y por cualquier motivo. Cualquier cambio o modificaci\u00f3n entrar\u00e1 en vigor inmediatamente despu\u00e9s de la publicaci\u00f3n de la Pol\u00edtica de Cookies actualizada en el Sitio, y usted renuncia al derecho a recibir una notificaci\u00f3n espec\u00edfica de cada uno de dichos cambios o modificaciones. <\/p>\n<p>Te recomendamos que revises peri\u00f3dicamente esta Pol\u00edtica de Cookies para mantenerte informado de las actualizaciones. Se considerar\u00e1 que usted ha sido informado, estar\u00e1 sujeto y habr\u00e1 aceptado los cambios en cualquier Pol\u00edtica de Cookies revisada por su uso continuado del Sitio despu\u00e9s de la fecha de publicaci\u00f3n de dicha Pol\u00edtica de Cookies revisada. <\/p>\n<p><strong>Uso de cookies<\/strong><\/p>\n<p>Una \u00abcookie\u00bb es una cadena de informaci\u00f3n que te asigna un identificador \u00fanico que almacenamos en tu ordenador. Tu navegador proporciona entonces ese identificador \u00fanico para que lo utilicemos cada vez que env\u00edes una consulta al Sitio. Utilizamos cookies en el Sitio para, entre otras cosas, hacer un seguimiento de los servicios que has utilizado, registrar informaci\u00f3n de registro, registrar tus preferencias de usuario, mantenerte conectado al Sitio, facilitar los procedimientos de compra y hacer un seguimiento de las p\u00e1ginas que visitas. Las cookies nos ayudan a comprender c\u00f3mo se utiliza el Sitio y a mejorar tu experiencia de usuario.   <\/p>\n<p><strong>Tipo de cookies<\/strong><\/p>\n<p>Los siguientes tipos de cookies pueden utilizarse cuando visitas el Sitio:<\/p>\n<p><strong>Cookies anal\u00edticas<\/strong><\/p>\n<p>Las cookies anal\u00edticas controlan c\u00f3mo llegaron los usuarios al Sitio, y c\u00f3mo interact\u00faan y se mueven una vez en el Sitio. Estas cookies nos permiten saber qu\u00e9 funciones del Sitio funcionan mejor y qu\u00e9 funciones del Sitio pueden mejorarse. <\/p>\n<table width=\"87%\">\n<tbody>\n<tr>\n<td width=\"14%\">\n<p><strong>Nombre de la cookie<\/strong><\/p>\n<\/td>\n<td width=\"54%\">\n<p><strong>Descripci\u00f3n<\/strong><\/p>\n<\/td>\n<td width=\"16%\">\n<p><strong>Propiedad<\/strong><\/p>\n<\/td>\n<td width=\"14%\">\n<p><strong>Caduca en<\/strong><\/p>\n<\/td>\n<\/tr>\n<tr>\n<td>\n<p><strong>_ga<\/strong><\/p>\n<\/td>\n<td>\n<p>Se utiliza para distinguir a los usuarios.<\/p>\n<\/td>\n<td>\n<p>Terceros (Google Analytics)<\/p>\n<\/td>\n<td>\n<p>Dos a\u00f1os<\/p>\n<\/td>\n<\/tr>\n<tr>\n<td>\n<p><strong>_gat<\/strong><\/p>\n<\/td>\n<td>\n<p>Se utiliza para acelerar la tasa de solicitudes. Si Google Analytics se despliega a trav\u00e9s de Google Tag Manager, esta cookie se llamar\u00e1 _dc_gtm_<property- id>. <\/p>\n<\/td>\n<td>\n<p>Terceros (Google Analytics)<\/p>\n<\/td>\n<td>\n<p>1 minuto<\/p>\n<\/td>\n<\/tr>\n<tr>\n<td>\n<p><strong>_gid<\/strong><\/p>\n<\/td>\n<td>\n<p>Se utiliza para distinguir a los usuarios.<\/p>\n<\/p>\n<\/td>\n<td>\n<p>Terceros (Google Analytics)<\/p>\n<\/td>\n<td>\n<p>24 horas<\/p>\n<\/td>\n<\/tr>\n<\/tbody>\n<\/table>\n<p><strong>Control de cookies<\/strong><\/p>\n<p>La mayor\u00eda de los navegadores est\u00e1n configurados para aceptar cookies por defecto. Sin embargo, puedes eliminar o rechazar las cookies en la configuraci\u00f3n de tu navegador. Ten en cuenta que dicha acci\u00f3n podr\u00eda afectar a la disponibilidad y funcionalidad del Sitio.  <\/p>\n<p>Para obtener m\u00e1s informaci\u00f3n sobre c\u00f3mo controlar las cookies, comprueba la configuraci\u00f3n de tu navegador o dispositivo para saber c\u00f3mo puedes controlar o rechazar las cookies, o visita los siguientes enlaces:<\/p>\n<p><a href=\"https:\/\/support.apple.com\/kb\/ph19214?locale=en_US\" target=\"_blank\" rel=\"noopener\">Safari de Apple<\/a><br \/><a href=\"https:\/\/support.google.com\/chrome\/answer\/95647?co=GENIE.Platform%3DDesktop&hl=en\" target=\"_blank\" rel=\"noopener\">Google Chrome<\/a><br \/><a href=\"https:\/\/privacy.microsoft.com\/en-us\/windows-10-microsoft-edge-and-privacy\" target=\"_blank\" rel=\"noopener\">Microsoft Edge<\/a><br \/><a href=\"https:\/\/support.microsoft.com\/en-gb\/help\/17442\/windows-internet-explorer-delete-manage-cookies\" target=\"_blank\" rel=\"noopener\">Microsoft Internet Explorer<\/a><br \/><a href=\"https:\/\/support.mozilla.org\/en-US\/kb\/enable-and-disable-cookies-website-preferences\" target=\"_blank\" rel=\"noopener\">Mozilla Firefox<\/a><br \/><a href=\"http:\/\/www.opera.com\/help\/tutorials\/security\/cookies\/\" target=\"_blank\" rel=\"noopener\">\u00d3pera<\/a><br \/><a href=\"https:\/\/support.google.com\/chrome\/answer\/95647?co=GENIE.Platform%3DAndroid&hl=en&oco=1\" target=\"_blank\" rel=\"noopener\">Android (Chrome)<\/a><br \/><a href=\"https:\/\/help.blackberry.com\/en\/blackberry-classic\/10.3.1\/help\/mwa1334238823957.html\" target=\"_blank\" rel=\"noopener\">Blackberry<\/a><br \/><a href=\"https:\/\/support.google.com\/chrome\/answer\/95647?co=GENIE.Platform%3DiOS&hl=en&oco=1\" target=\"_blank\" rel=\"noopener\">Iphone o Ipad (Chrome)<\/a><br \/><a href=\"https:\/\/support.google.com\/chrome\/answer\/95647?co=GENIE.Platform%3DAndroid&hl=en&oco=1\" target=\"_blank\" rel=\"noopener\">Iphone o Ipad (Safari)<\/a><\/p>\n<p>Adem\u00e1s, puedes optar por excluirte de algunas cookies de terceros a trav\u00e9s de <a href=\"http:\/\/optout.networkadvertising.org\/#!\/\" target=\"_blank\" rel=\"noopener\">la Herramienta de Exclusi\u00f3n de la Network Advertising Initiative<\/a>.<\/p>\n<p><strong>Otras tecnolog\u00edas de seguimiento<\/strong><\/p>\n<p>Adem\u00e1s de las cookies, podemos utilizar balizas web, etiquetas de p\u00edxel y otras tecnolog\u00edas de seguimiento en el Sitio para ayudar a personalizarlo y mejorar tu experiencia. Una \u00abbaliza web\u00bb o \u00abetiqueta de p\u00edxel\u00bb es un peque\u00f1o objeto o imagen incrustado en una p\u00e1gina web o correo electr\u00f3nico. Se utilizan para rastrear el n\u00famero de usuarios que han visitado determinadas p\u00e1ginas y visto correos electr\u00f3nicos y adquirir otros datos estad\u00edsticos. S\u00f3lo recogen un conjunto limitado de datos, como un n\u00famero de cookie, la hora y la fecha de visualizaci\u00f3n de la p\u00e1gina o del correo electr\u00f3nico, y una descripci\u00f3n de la p\u00e1gina o del correo electr\u00f3nico en el que residen. Las balizas web y las etiquetas de p\u00edxel no pueden rechazarse. Sin embargo, puedes limitar su uso controlando las cookies que interact\u00faan con ellos.     <\/p>\n<p><strong>Pol\u00edtica de privacidad<\/strong><\/p>\n<p>Para m\u00e1s informaci\u00f3n sobre c\u00f3mo utilizamos la informaci\u00f3n recogida por las cookies y otras tecnolog\u00edas de rastreo, consulta nuestra <a href=\"https:\/\/zeleros.com\/privacy\">Pol\u00edtica de Privacidad<\/a> publicada en el Sitio. Esta Pol\u00edtica de Cookies forma parte de nuestra Pol\u00edtica de Privacidad y est\u00e1 incorporada a ella. Al utilizar el Sitio, aceptas quedar vinculado por esta Pol\u00edtica de Cookies y nuestra Pol\u00edtica de Privacidad.  <\/p><\/p>\n\t\t\t\t\t\t\t\t<\/div>\n\t\t\t\t<\/div>\n\t\t\t\t<div class=\"elementor-element elementor-element-d973dc7 elementor-widget elementor-widget-spacer\" data-id=\"d973dc7\" data-element_type=\"widget\" data-e-type=\"widget\" data-widget_type=\"spacer.default\">\n\t\t\t\t<div class=\"elementor-widget-container\">\n\t\t\t\t\t\t\t<div class=\"elementor-spacer\">\n\t\t\t<div class=\"elementor-spacer-inner\"><\/div>\n\t\t<\/div>\n\t\t\t\t\t\t<\/div>\n\t\t\t\t<\/div>\n\t\t\t\t<\/div>\n\t\t\t\t<\/div>\n\t\t","protected":false},"excerpt":{"rendered":"<p>zeleros Uso de cookies Zeleros puede utilizar cookies, balizas web, p\u00edxeles de seguimiento y otras tecnolog\u00edas de seguimiento cuando visitas nuestro sitio web zeleros.com, incluido cualquier otro medio de comunicaci\u00f3n, canal de medios, sitio web m\u00f3vil o aplicaci\u00f3n m\u00f3vil relacionada o conectada al mismo (colectivamente, el \u00abSitio\u00bb) para ayudar a personalizar el Sitio y mejorar [&hellip;]<\/p>\n","protected":false},"author":3,"featured_media":0,"parent":0,"menu_order":0,"comment_status":"closed","ping_status":"closed","template":"elementor_header_footer","meta":{"_acf_changed":false,"_monsterinsights_skip_tracking":false,"_monsterinsights_sitenote_active":false,"_monsterinsights_sitenote_note":"","_monsterinsights_sitenote_category":0,"footnotes":""},"class_list":["post-9962","page","type-page","status-publish","hentry"],"acf":[],"_links":{"self":[{"href":"https:\/\/zeleros.com\/es\/wp-json\/wp\/v2\/pages\/9962","targetHints":{"allow":["GET"]}}],"collection":[{"href":"https:\/\/zeleros.com\/es\/wp-json\/wp\/v2\/pages"}],"about":[{"href":"https:\/\/zeleros.com\/es\/wp-json\/wp\/v2\/types\/page"}],"author":[{"embeddable":true,"href":"https:\/\/zeleros.com\/es\/wp-json\/wp\/v2\/users\/3"}],"replies":[{"embeddable":true,"href":"https:\/\/zeleros.com\/es\/wp-json\/wp\/v2\/comments?post=9962"}],"version-history":[{"count":2,"href":"https:\/\/zeleros.com\/es\/wp-json\/wp\/v2\/pages\/9962\/revisions"}],"predecessor-version":[{"id":10016,"href":"https:\/\/zeleros.com\/es\/wp-json\/wp\/v2\/pages\/9962\/revisions\/10016"}],"wp:attachment":[{"href":"https:\/\/zeleros.com\/es\/wp-json\/wp\/v2\/media?parent=9962"}],"curies":[{"name":"wp","href":"https:\/\/api.w.org\/{rel}","templated":true}]}}